{"id":2515,"date":"2019-02-20T21:21:49","date_gmt":"2019-02-20T18:21:49","guid":{"rendered":"https:\/\/kromturk.com.tr\/iletisim\/"},"modified":"2025-09-03T11:52:51","modified_gmt":"2025-09-03T08:52:51","slug":"kontakty","status":"publish","type":"page","link":"https:\/\/kromturk.com.tr\/ru\/kontakty\/","title":{"rendered":"\u041a\u043e\u043d\u0442\u0430\u043a\u0442\u044b"},"content":{"rendered":"<div class=\"wpb-content-wrapper\"><p>[vc_row][vc_column][vc_column_text css=&#187;.vc_custom_1561484897315{margin-bottom: 20px !important;}&#187;]<\/p>\n<h1 style=\"color: #a70805;\">\u041d\u0430\u0448\u0438 \u041a\u043e\u043d\u0442\u0430\u043a\u0442\u044b<\/h1>\n<p><i class=\"fa fa-home\"><\/i> S.S. Antalya Esnaflar K\u00fc\u00e7\u00fck Sanayi Sitesi, Gaziler Mah. 256 Sk. No:4G Kepez\/Antalya &#8212; \u0422\u0423\u0420\u0426\u0418\u042f<br \/>\n<i class=\"fa icon-chat-2\"><\/i> <a href=\"https:\/\/api.whatsapp.com\/send?phone=905339474664\">+90 533 947 46 64<\/a><br \/>\n<i class=\"fa fa-envelope-o\"><\/i> info@kromturk.com.tr<br \/>\n<i class=\"fa fa-globe\"><\/i> <a title=\"End\u00fcstriyel Paslanmaz Mutfak \u00dcr\u00fcnleri\" href=\"https:\/\/kromturk.com.tr\/ru\/\">https:\/\/kromturk.com.tr<\/a>[\/vc_column_text][vc_gmaps link=&#187;#E-8_JTNDaWZyYW1lJTIwc3JjJTNEJTIyaHR0cHMlM0ElMkYlMkZ3d3cuZ29vZ2xlLmNvbSUyRm1hcHMlMkZlbWJlZCUzRnBiJTNEJTIxMW0xOCUyMTFtMTIlMjExbTMlMjExZDEwNzIwLjg0NDU0ODQwMzYxNiUyMTJkMzAuNzc0MzY5MzM2NjIyMjMlMjEzZDM2Ljk3ODE0NDEzODY2MTM1JTIxMm0zJTIxMWYwJTIxMmYwJTIxM2YwJTIxM20yJTIxMWkxMDI0JTIxMmk3NjglMjE0ZjEzLjElMjEzbTMlMjExbTIlMjExczB4MTRjMzg2ZTgyYjZjYTM2MSUyNTNBMHg3MWVkMjgzMmY5Y2RkZDQxJTIxMnNLcm9tJTJCVCUyNUMzJTI1QkNyayUyMTVlMCUyMTNtMiUyMTFzdHIlMjEyc3RyJTIxNHYxNTUyMjE1MTY2ODMyJTIyJTIwd2lkdGglM0QlMjI2MDAlMjIlMjBoZWlnaHQlM0QlMjI0NTAlMjIlMjBmcmFtZWJvcmRlciUzRCUyMjAlMjIlMjBzdHlsZSUzRCUyMmJvcmRlciUzQTAlMjIlMjBhbGxvd2Z1bGxzY3JlZW4lM0UlM0MlMkZpZnJhbWUlM0U=&#187; size=&#187;250&#8243;][\/vc_column][\/vc_row]<\/p>\n<\/div>","protected":false},"excerpt":{"rendered":"<p>[vc_row][vc_column][vc_column_text css=&#187;.vc_custom_1561484897315{margin-bottom: 20px !important;}&#187;] \u041d\u0430\u0448\u0438 \u041a\u043e\u043d\u0442\u0430\u043a\u0442\u044b S.S. Antalya Esnaflar K\u00fc\u00e7\u00fck Sanayi Sitesi, Gaziler Mah. 256 Sk. No:4G Kepez\/Antalya &#8212; \u0422\u0423\u0420\u0426\u0418\u042f +90 533 947 46 64 info@kromturk.com.tr https:\/\/kromturk.com.tr[\/vc_column_text][vc_gmaps link=&#187;#E-8_JTNDaWZyYW1lJTIwc3JjJTNEJTIyaHR0cHMlM0ElMkYlMkZ3d3cuZ29vZ2xlLmNvbSUyRm1hcHMlMkZlbWJlZCUzRnBiJTNEJTIxMW0xOCUyMTFtMTIlMjExbTMlMjExZDEwNzIwLjg0NDU0ODQwMzYxNiUyMTJkMzAuNzc0MzY5MzM2NjIyMjMlMjEzZDM2Ljk3ODE0NDEzODY2MTM1JTIxMm0zJTIxMWYwJTIxMmYwJTIxM2YwJTIxM20yJTIxMWkxMDI0JTIxMmk3NjglMjE0ZjEzLjElMjEzbTMlMjExbTIlMjExczB4MTRjMzg2ZTgyYjZjYTM2MSUyNTNBMHg3MWVkMjgzMmY5Y2RkZDQxJTIxMnNLcm9tJTJCVCUyNUMzJTI1QkNyayUyMTVlMCUyMTNtMiUyMTFzdHIlMjEyc3RyJTIxNHYxNTUyMjE1MTY2ODMyJTIyJTIwd2lkdGglM0QlMjI2MDAlMjIlMjBoZWlnaHQlM0QlMjI0NTAlMjIlMjBmcmFtZWJvcmRlciUzRCUyMjAlMjIlMjBzdHlsZSUzRCUyMmJvcmRlciUzQTAlMjIlMjBhbGxvd2Z1bGxzY3JlZW4lM0UlM0MlMkZpZnJhbWUlM0U=&#187; size=&#187;250&#8243;][\/vc_column][\/vc_row]<\/p>\n","protected":false},"author":1,"featured_media":0,"parent":0,"menu_order":0,"comment_status":"closed","ping_status":"closed","template":"","meta":{"footnotes":""},"class_list":["post-2515","page","type-page","status-publish","hentry","description-off"],"aioseo_notices":[],"_links":{"self":[{"href":"https:\/\/kromturk.com.tr\/ru\/wp-json\/wp\/v2\/pages\/2515","targetHints":{"allow":["GET"]}}],"collection":[{"href":"https:\/\/kromturk.com.tr\/ru\/wp-json\/wp\/v2\/pages"}],"about":[{"href":"https:\/\/kromturk.com.tr\/ru\/wp-json\/wp\/v2\/types\/page"}],"author":[{"embeddable":true,"href":"https:\/\/kromturk.com.tr\/ru\/wp-json\/wp\/v2\/users\/1"}],"replies":[{"embeddable":true,"href":"https:\/\/kromturk.com.tr\/ru\/wp-json\/wp\/v2\/comments?post=2515"}],"version-history":[{"count":0,"href":"https:\/\/kromturk.com.tr\/ru\/wp-json\/wp\/v2\/pages\/2515\/revisions"}],"wp:attachment":[{"href":"https:\/\/kromturk.com.tr\/ru\/wp-json\/wp\/v2\/media?parent=2515"}],"curies":[{"name":"wp","href":"https:\/\/api.w.org\/{rel}","templated":true}]}}